{"id":1172,"date":"2024-11-13T14:48:47","date_gmt":"2024-11-13T13:48:47","guid":{"rendered":"https:\/\/rsp-engineering.com\/?page_id=1172"},"modified":"2025-11-01T10:58:51","modified_gmt":"2025-11-01T09:58:51","slug":"politique-de-confidentialite","status":"publish","type":"page","link":"https:\/\/rsp-engineering.com\/en\/politique-de-confidentialite\/","title":{"rendered":"Mentions L\u00e9gales"},"content":{"rendered":"<div data-elementor-type=\"wp-page\" data-elementor-id=\"1172\" class=\"elementor elementor-1172\">\n\t\t\t\t<div class=\"elementor-element elementor-element-9a55226 e-con-full e-flex e-con e-parent\" data-id=\"9a55226\" data-element_type=\"container\" data-e-type=\"container\" data-settings=\"{&quot;background_background&quot;:&quot;classic&quot;}\">\n\t\t<div class=\"elementor-element elementor-element-93c5b31 e-flex e-con-boxed e-con e-child\" data-id=\"93c5b31\" data-element_type=\"container\" data-e-type=\"container\" data-settings=\"{&quot;background_background&quot;:&quot;classic&quot;}\">\n\t\t\t\t\t<div class=\"e-con-inner\">\n\t\t\t\t<div class=\"elementor-element elementor-element-2c3c5e4 elementor-widget elementor-widget-text-editor\" data-id=\"2c3c5e4\" data-element_type=\"widget\" data-e-type=\"widget\" data-widget_type=\"text-editor.default\">\n\t\t\t\t<div class=\"elementor-widget-container\">\n\t\t\t\t\t\t\t\t\t<p>Legal information<\/p>\t\t\t\t\t\t\t\t<\/div>\n\t\t\t\t<\/div>\n\t\t\t\t\t<\/div>\n\t\t\t\t<\/div>\n\t\t\t\t<\/div>\n\t\t<div class=\"elementor-element elementor-element-bb5f6fe e-flex e-con-boxed e-con e-parent\" data-id=\"bb5f6fe\" data-element_type=\"container\" data-e-type=\"container\">\n\t\t\t\t\t<div class=\"e-con-inner\">\n\t\t\t\t<div class=\"elementor-element elementor-element-65e28b4d elementor-widget elementor-widget-text-editor\" data-id=\"65e28b4d\" data-element_type=\"widget\" data-e-type=\"widget\" data-widget_type=\"text-editor.default\">\n\t\t\t\t<div class=\"elementor-widget-container\">\n\t\t\t\t\t\t\t\t\t<p><strong>\u00c9diteur du site :<\/strong><\/p>\n<p>Race &amp; Sim Performance Engineering<br>Forme juridique : SARL<br>Capital social : 2000\u20ac<br>Si\u00e8ge social : 2 Rue de Saint Gobain 37700 Saint Pierre des Corps<br>Num\u00e9ro SIRET : 93161053900013<br>Num\u00e9ro RCS : 931 610 539 R.C.S. Tours<br>Num\u00e9ro de TVA intracommunautaire : FR20931610539<\/p>\n<p>Directeur de la publication : Werquin Pierre-Louis<br>Contact : pierrelouis@rsp-engineering.com, +33 6 62 68 04 82<\/p>\n<p><strong>H\u00e9bergement du site :<\/strong><\/p>\n<p>OVH<\/p>\n<p>SAS au capital de 50 000 000 \u20ac<\/p>\n<p>RCS Lille M\u00e9tropole 424 761 419 00045<br>Code APE 2620Z<br>N\u00b0 TVA : FR 22 424 761 419<\/p>\n<p>Adresse : 2 Rue Kellermann, 59100 Roubaix<\/p>\n<p>Site internet : ovhcloud.com<\/p>\n<p><strong>Propri\u00e9t\u00e9 intellectuelle :<\/strong><\/p>\n<p>L&rsquo;ensemble du contenu du site Race &amp; Sim Performance Engineering (textes, images, graphismes, logos, ic\u00f4nes, sons, logiciels, etc.) est la propri\u00e9t\u00e9 exclusive de Race &amp; Sim Performance Engineering ou de ses partenaires. Toute reproduction, distribution, modification, adaptation, retransmission ou publication, m\u00eame partielle, de ces diff\u00e9rents \u00e9l\u00e9ments est strictement interdite sans l\u2019accord pr\u00e9alable par \u00e9crit de Race &amp; Sim Performance Engineering.<\/p>\n<p><strong>Protection des donn\u00e9es personnelles :<\/strong><\/p>\n<p>Conform\u00e9ment \u00e0 la loi Informatique et Libert\u00e9s du 6 janvier 1978 modifi\u00e9e et au R\u00e8glement G\u00e9n\u00e9ral sur la Protection des Donn\u00e9es (RGPD) du 27 avril 2016, Race &amp; Sim Performance Engineering s\u2019engage \u00e0 prot\u00e9ger la confidentialit\u00e9 des informations personnelles fournies par les visiteurs de son site internet.<\/p>\n<p>Les informations recueillies par Race &amp; Sim Performance Engineering sont destin\u00e9es \u00e0 \u00e0 la gestion des commandes, l&rsquo;envoi d&rsquo;informations ou d&rsquo;offres commerciales. Elles ne seront ni vendues ni \u00e9chang\u00e9es avec des tiers sans le consentement explicite des utilisateurs.<\/p>\n<p>Les utilisateurs disposent d&rsquo;un droit d&rsquo;acc\u00e8s, de rectification, de suppression et d&rsquo;opposition aux donn\u00e9es les concernant. Pour exercer ces droits, ils peuvent \u00e9crire \u00e0 l\u2019adresse suivante : pierrelouis@rsp-engineering.com.<\/p>\n<p><strong>Cookies :<\/strong><\/p>\n<p>Le site Race &amp; Sim Performance Engineering utilise des cookies pour am\u00e9liorer la navigation des utilisateurs et pour des raisons de statistiques et de s\u00e9curit\u00e9. En continuant \u00e0 naviguer sur le site, les utilisateurs consentent \u00e0 l\u2019utilisation des cookies. Ils peuvent cependant modifier les param\u00e8tres de leur navigateur pour refuser les cookies ou \u00eatre avertis de leur utilisation.<\/p>\n<p><strong>Responsabilit\u00e9 :<\/strong><\/p>\n<p>Race &amp; Sim Performance Engineering s&rsquo;efforce d&rsquo;assurer l&rsquo;exactitude et la mise \u00e0 jour des informations diffus\u00e9es sur son site internet. Toutefois, elle ne saurait \u00eatre tenue pour responsable des erreurs ou omissions dans les contenus affich\u00e9s. Race &amp; Sim Performance Engineering se r\u00e9serve le droit de modifier, suspendre ou interrompre l&rsquo;acc\u00e8s au site et d\u00e9cline toute responsabilit\u00e9 pour les dommages directs ou indirects r\u00e9sultant de l\u2019utilisation ou de l\u2019impossibilit\u00e9 d\u2019utiliser le site.<\/p>\n<p><strong>Droit applicable :<\/strong><\/p>\n<p>Les pr\u00e9sentes mentions l\u00e9gales sont soumises au droit fran\u00e7ais. Tout litige relatif \u00e0 l\u2019utilisation du site sera soumis \u00e0 la comp\u00e9tence exclusive des tribunaux fran\u00e7ais.<\/p>\n<p>Cr\u00e9dit photos: Alexis Goure,&nbsp;https:\/\/www.alexis-goure.com\/<\/p>\n<p><strong>Date de mise \u00e0 jour : 13\/11\/2024<\/strong><\/p>\t\t\t\t\t\t\t\t<\/div>\n\t\t\t\t<\/div>\n\t\t\t\t\t<\/div>\n\t\t\t\t<\/div>\n\t\t\t\t<\/div>","protected":false},"excerpt":{"rendered":"<p>Mentions l\u00e9gales \u00c9diteur du site : Race &amp; Sim Performance EngineeringForme juridique : SARLCapital social : 2000\u20acSi\u00e8ge social : 2 Rue de Saint Gobain 37700 Saint Pierre des CorpsNum\u00e9ro SIRET : 93161053900013Num\u00e9ro RCS : 931 610 539 R.C.S. ToursNum\u00e9ro de TVA intracommunautaire : FR20931610539 Directeur de la publication : Werquin Pierre-LouisContact : pierrelouis@rsp-engineering.com, +33 6 [&hellip;]<\/p>\n","protected":false},"author":1,"featured_media":0,"parent":0,"menu_order":0,"comment_status":"closed","ping_status":"closed","template":"","meta":{"_seopress_robots_primary_cat":"","_seopress_titles_title":"","_seopress_titles_desc":"","_seopress_robots_index":"","footnotes":""},"class_list":["post-1172","page","type-page","status-publish","hentry"],"_links":{"self":[{"href":"https:\/\/rsp-engineering.com\/en\/wp-json\/wp\/v2\/pages\/1172","targetHints":{"allow":["GET"]}}],"collection":[{"href":"https:\/\/rsp-engineering.com\/en\/wp-json\/wp\/v2\/pages"}],"about":[{"href":"https:\/\/rsp-engineering.com\/en\/wp-json\/wp\/v2\/types\/page"}],"author":[{"embeddable":true,"href":"https:\/\/rsp-engineering.com\/en\/wp-json\/wp\/v2\/users\/1"}],"replies":[{"embeddable":true,"href":"https:\/\/rsp-engineering.com\/en\/wp-json\/wp\/v2\/comments?post=1172"}],"version-history":[{"count":46,"href":"https:\/\/rsp-engineering.com\/en\/wp-json\/wp\/v2\/pages\/1172\/revisions"}],"predecessor-version":[{"id":3343,"href":"https:\/\/rsp-engineering.com\/en\/wp-json\/wp\/v2\/pages\/1172\/revisions\/3343"}],"wp:attachment":[{"href":"https:\/\/rsp-engineering.com\/en\/wp-json\/wp\/v2\/media?parent=1172"}],"curies":[{"name":"wp","href":"https:\/\/api.w.org\/{rel}","templated":true}]}}