{"id":1297,"date":"2024-11-15T15:52:36","date_gmt":"2024-11-15T14:52:36","guid":{"rendered":"https:\/\/rsp-engineering.com\/?page_id=1297"},"modified":"2025-10-29T23:53:29","modified_gmt":"2025-10-29T22:53:29","slug":"reservation","status":"publish","type":"page","link":"https:\/\/rsp-engineering.com\/en\/reservation\/","title":{"rendered":"Booking"},"content":{"rendered":"<div data-elementor-type=\"wp-page\" data-elementor-id=\"1297\" class=\"elementor elementor-1297\">\n\t\t\t\t<div class=\"elementor-element elementor-element-934f687 e-con-full e-flex e-con e-parent\" data-id=\"934f687\" data-element_type=\"container\" data-e-type=\"container\" data-settings=\"{&quot;background_background&quot;:&quot;classic&quot;}\">\n\t\t<div class=\"elementor-element elementor-element-d53ec3c e-flex e-con-boxed e-con e-child\" data-id=\"d53ec3c\" data-element_type=\"container\" data-e-type=\"container\" data-settings=\"{&quot;background_background&quot;:&quot;classic&quot;}\">\n\t\t\t\t\t<div class=\"e-con-inner\">\n\t\t\t\t<div class=\"elementor-element elementor-element-51ba722 elementor-widget elementor-widget-heading\" data-id=\"51ba722\" data-element_type=\"widget\" data-e-type=\"widget\" data-widget_type=\"heading.default\">\n\t\t\t\t<div class=\"elementor-widget-container\">\n\t\t\t\t\t<h1 class=\"elementor-heading-title elementor-size-default\">Booking a driving session<\/h1>\t\t\t\t<\/div>\n\t\t\t\t<\/div>\n\t\t\t\t\t<\/div>\n\t\t\t\t<\/div>\n\t\t\t\t<\/div>\n\t\t<div class=\"elementor-element elementor-element-2839044 e-flex e-con-boxed e-con e-parent\" data-id=\"2839044\" data-element_type=\"container\" data-e-type=\"container\">\n\t\t\t\t\t<div class=\"e-con-inner\">\n\t\t\t\t<div class=\"elementor-element elementor-element-1fbba58 elementor-hidden-mobile elementor-widget elementor-widget-text-editor\" data-id=\"1fbba58\" data-element_type=\"widget\" data-e-type=\"widget\" data-widget_type=\"text-editor.default\">\n\t\t\t\t<div class=\"elementor-widget-container\">\n\t\t\t\t\t\t\t\t\t<p><span style=\"font-weight: 400;\">Immerse yourself in the world of <\/span><b>motorsport<\/b><span style=\"font-weight: 400;\"> and perfect your track technique with <\/span><b>RSP Engineering<\/b><span style=\"font-weight: 400;\">. Our sessions, led by <\/span><b>race engineers<\/b><span style=\"font-weight: 400;\">, combine <\/span><b>data analysis, strategy and performance optimisation<\/b><span style=\"font-weight: 400;\"> for an immersive, learning experience.<\/span><\/p><p><span style=\"font-weight: 400;\">Whether you are <\/span><b>amateur driver, competitor or enthusiast<\/b><span style=\"font-weight: 400;\">, Our packages are suitable for all levels.<\/span><\/p>\t\t\t\t\t\t\t\t<\/div>\n\t\t\t\t<\/div>\n\t\t\t\t<div class=\"elementor-element elementor-element-3cff497 elementor-hidden-desktop elementor-hidden-tablet elementor-widget elementor-widget-text-editor\" data-id=\"3cff497\" data-element_type=\"widget\" data-e-type=\"widget\" data-widget_type=\"text-editor.default\">\n\t\t\t\t<div class=\"elementor-widget-container\">\n\t\t\t\t\t\t\t\t\t<p><span style=\"font-weight: 400;\">Immerse yourself in the world of <\/span><b>motorsport<\/b><span style=\"font-weight: 400;\"> and perfect your track technique with <\/span><b>RSP Engineering<\/b><span style=\"font-weight: 400;\">.<\/span><\/p>\t\t\t\t\t\t\t\t<\/div>\n\t\t\t\t<\/div>\n\t\t\t\t<div class=\"elementor-element elementor-element-8817952 elementor-widget elementor-widget-html\" data-id=\"8817952\" data-element_type=\"widget\" data-e-type=\"widget\" data-widget_type=\"html.default\">\n\t\t\t\t<div class=\"elementor-widget-container\">\n\t\t\t\t\t<iframe style = \"border:0; height:600px; width:100%;\" src=\"https:\/\/book.timify.com?accountId=67a07ab903134caf742e68b8&fullscreen=1&hideCloseButton=1&locale=fr-fr\"><\/iframe>\t\t\t\t<\/div>\n\t\t\t\t<\/div>\n\t\t\t\t\t<\/div>\n\t\t\t\t<\/div>\n\t\t<div class=\"elementor-element elementor-element-f21b2dc e-flex e-con-boxed e-con e-parent\" data-id=\"f21b2dc\" data-element_type=\"container\" data-e-type=\"container\">\n\t\t\t\t\t<div class=\"e-con-inner\">\n\t\t\t\t<div class=\"elementor-element elementor-element-477cff5 elementor-widget elementor-widget-text-editor\" data-id=\"477cff5\" data-element_type=\"widget\" data-e-type=\"widget\" data-widget_type=\"text-editor.default\">\n\t\t\t\t<div class=\"elementor-widget-container\">\n\t\t\t\t\t\t\t\t\t<p>Prices are inclusive of VAT and not exclusive of VAT. Payment can be made on site by credit card or bank transfer.<\/p><p>Bookings can be made by telephone +33 6 62 68 04 82<\/p>\t\t\t\t\t\t\t\t<\/div>\n\t\t\t\t<\/div>\n\t\t\t\t\t<\/div>\n\t\t\t\t<\/div>\n\t\t\t\t<\/div>","protected":false},"excerpt":{"rendered":"<p>R\u00e9servation RSP Engineering, session de simulateur de course automobile<\/p>","protected":false},"author":1,"featured_media":1080,"parent":0,"menu_order":0,"comment_status":"closed","ping_status":"closed","template":"","meta":{"_seopress_robots_primary_cat":"","_seopress_titles_title":"R\u00e9servez votre session de simulateur %%sep%% %%sitetitle%%","_seopress_titles_desc":"Formulaire de r\u00e9servation en ligne du simulateur pour des sessions de pilotage de 1h \u00e0 la journ\u00e9e compl\u00e8te.","_seopress_robots_index":"","footnotes":""},"class_list":["post-1297","page","type-page","status-publish","has-post-thumbnail","hentry"],"_links":{"self":[{"href":"https:\/\/rsp-engineering.com\/en\/wp-json\/wp\/v2\/pages\/1297","targetHints":{"allow":["GET"]}}],"collection":[{"href":"https:\/\/rsp-engineering.com\/en\/wp-json\/wp\/v2\/pages"}],"about":[{"href":"https:\/\/rsp-engineering.com\/en\/wp-json\/wp\/v2\/types\/page"}],"author":[{"embeddable":true,"href":"https:\/\/rsp-engineering.com\/en\/wp-json\/wp\/v2\/users\/1"}],"replies":[{"embeddable":true,"href":"https:\/\/rsp-engineering.com\/en\/wp-json\/wp\/v2\/comments?post=1297"}],"version-history":[{"count":117,"href":"https:\/\/rsp-engineering.com\/en\/wp-json\/wp\/v2\/pages\/1297\/revisions"}],"predecessor-version":[{"id":3197,"href":"https:\/\/rsp-engineering.com\/en\/wp-json\/wp\/v2\/pages\/1297\/revisions\/3197"}],"wp:featuredmedia":[{"embeddable":true,"href":"https:\/\/rsp-engineering.com\/en\/wp-json\/wp\/v2\/media\/1080"}],"wp:attachment":[{"href":"https:\/\/rsp-engineering.com\/en\/wp-json\/wp\/v2\/media?parent=1297"}],"curies":[{"name":"wp","href":"https:\/\/api.w.org\/{rel}","templated":true}]}}