{"id":2476,"date":"2025-10-29T17:33:12","date_gmt":"2025-10-29T16:33:12","guid":{"rendered":"https:\/\/rsp-engineering.com\/?page_id=2476"},"modified":"2026-01-07T16:25:38","modified_gmt":"2026-01-07T15:25:38","slug":"formulaire-future-page-contact","status":"publish","type":"page","link":"https:\/\/rsp-engineering.com\/en\/formulaire-future-page-contact\/","title":{"rendered":"Formulaire &#8211; future page contact"},"content":{"rendered":"<div data-elementor-type=\"wp-page\" data-elementor-id=\"2476\" class=\"elementor elementor-2476\">\n\t\t\t\t<div class=\"elementor-element elementor-element-d61763b e-con-full e-flex e-con e-parent\" data-id=\"d61763b\" data-element_type=\"container\" data-e-type=\"container\">\n\t\t<div class=\"elementor-element elementor-element-12bc71d e-con-full e-flex e-con e-child\" data-id=\"12bc71d\" data-element_type=\"container\" data-e-type=\"container\">\n\t\t\t\t<div class=\"elementor-element elementor-element-71d3aab elementor-widget elementor-widget-heading\" data-id=\"71d3aab\" data-element_type=\"widget\" data-e-type=\"widget\" data-widget_type=\"heading.default\">\n\t\t\t\t<div class=\"elementor-widget-container\">\n\t\t\t\t\t<h2 class=\"elementor-heading-title elementor-size-default\">Contact us<\/h2>\t\t\t\t<\/div>\n\t\t\t\t<\/div>\n\t\t\t\t<div class=\"elementor-element elementor-element-18510c3 elementor-widget elementor-widget-text-editor\" data-id=\"18510c3\" data-element_type=\"widget\" data-e-type=\"widget\" data-widget_type=\"text-editor.default\">\n\t\t\t\t<div class=\"elementor-widget-container\">\n\t\t\t\t\t\t\t\t\t<p><span style=\"color: #0000e2; font-size: 22px;\">Are you a freelancer and would like to work with us?<\/span><\/p>\t\t\t\t\t\t\t\t<\/div>\n\t\t\t\t<\/div>\n\t\t\t\t<div class=\"elementor-element elementor-element-5b53609 elementor-widget elementor-widget-text-editor\" data-id=\"5b53609\" data-element_type=\"widget\" data-e-type=\"widget\" data-widget_type=\"text-editor.default\">\n\t\t\t\t<div class=\"elementor-widget-container\">\n\t\t\t\t\t\t\t\t\t<p>Check our jobs opportunities or just send us your resume<\/p>\t\t\t\t\t\t\t\t<\/div>\n\t\t\t\t<\/div>\n\t\t\t\t<div class=\"elementor-element elementor-element-b74f8e2 elementor-widget elementor-widget-button\" data-id=\"b74f8e2\" data-element_type=\"widget\" data-e-type=\"widget\" data-widget_type=\"button.default\">\n\t\t\t\t<div class=\"elementor-widget-container\">\n\t\t\t\t\t\t\t\t\t<div class=\"elementor-button-wrapper\">\n\t\t\t\t\t<a class=\"elementor-button elementor-size-sm\" role=\"button\">\n\t\t\t\t\t\t<span class=\"elementor-button-content-wrapper\">\n\t\t\t\t\t\t<span class=\"elementor-button-icon\">\n\t\t\t\t<svg aria-hidden=\"true\" class=\"e-font-icon-svg e-fas-chevron-right\" viewbox=\"0 0 320 512\" xmlns=\"http:\/\/www.w3.org\/2000\/svg\"><path d=\"M285.476 272.971L91.132 467.314c-9.373 9.373-24.569 9.373-33.941 0l-22.667-22.667c-9.357-9.357-9.375-24.522-.04-33.901L188.505 256 34.484 101.255c-9.335-9.379-9.317-24.544.04-33.901l22.667-22.667c9.373-9.373 24.569-9.373 33.941 0L285.475 239.03c9.373 9.372 9.373 24.568.001 33.941z\"><\/path><\/svg>\t\t\t<\/span>\n\t\t\t\t\t\t\t\t\t<span class=\"elementor-button-text\">Freelance hub<\/span>\n\t\t\t\t\t<\/span>\n\t\t\t\t\t<\/a>\n\t\t\t\t<\/div>\n\t\t\t\t\t\t\t\t<\/div>\n\t\t\t\t<\/div>\n\t\t\t\t<div class=\"elementor-element elementor-element-652acb7 elementor-widget elementor-widget-text-editor\" data-id=\"652acb7\" data-element_type=\"widget\" data-e-type=\"widget\" data-widget_type=\"text-editor.default\">\n\t\t\t\t<div class=\"elementor-widget-container\">\n\t\t\t\t\t\t\t\t\t<p><span style=\"color: #0000e2; font-size: 22px;\">Get in Touch<\/span><\/p>\t\t\t\t\t\t\t\t<\/div>\n\t\t\t\t<\/div>\n\t\t\t\t<div class=\"elementor-element elementor-element-13d6837 elementor-widget elementor-widget-text-editor\" data-id=\"13d6837\" data-element_type=\"widget\" data-e-type=\"widget\" data-widget_type=\"text-editor.default\">\n\t\t\t\t<div class=\"elementor-widget-container\">\n\t\t\t\t\t\t\t\t\t<p>We are here to answer your questions and support you in all your projects. Fill out the form below, and we will get back to you as soon as possible.\u00a0<\/p>\t\t\t\t\t\t\t\t<\/div>\n\t\t\t\t<\/div>\n\t\t\t\t<div class=\"elementor-element elementor-element-6a5d84c elementor-widget elementor-widget-formidable\" data-id=\"6a5d84c\" data-element_type=\"widget\" data-e-type=\"widget\" data-widget_type=\"formidable.default\">\n\t\t\t\t<div class=\"elementor-widget-container\">\n\t\t\t\t\t<div class=\"frm_forms  with_frm_style frm_style_style-formidable\" id=\"frm_form_1_container\" >\n<form enctype=\"multipart\/form-data\" method=\"post\" class=\"frm-show-form\" id=\"form_contact-form\" action=\"\" >\n<div class=\"frm_form_fields\">\n<fieldset>\n<legend class=\"frm_screen_reader\">Contact Us<\/legend>\r\n\r\n<div class=\"frm_fields_container\">\n<input type=\"hidden\" name=\"frm_action\" value=\"create\" \/>\n<input type=\"hidden\" name=\"form_id\" value=\"1\" \/>\n<input type=\"hidden\" name=\"frm_hide_fields_1\" id=\"frm_hide_fields_1\" value=\"\" \/>\n<input type=\"hidden\" name=\"form_key\" value=\"contact-form\" \/>\n<input type=\"hidden\" name=\"item_meta[0]\" value=\"\" \/>\n<input type=\"hidden\" id=\"frm_submit_entry_1\" name=\"frm_submit_entry_1\" value=\"656c9ae569\" \/><input type=\"hidden\" name=\"_wp_http_referer\" value=\"\/en\/wp-json\/wp\/v2\/pages\/2476\" \/><div id=\"frm_field_2_container\" class=\"frm_form_field form-field  frm_required_field frm_top_container frm6 frm_first\">\r\n\t<label for=\"field_ocfup1\" id=\"field_ocfup1_label\" class=\"frm_primary_label\">Last Name\r\n\t\t<span class=\"frm_required\" aria-hidden=\"true\">*<\/span>\r\n\t<\/label>\r\n\t<input type=\"text\" id=\"field_ocfup1\" name=\"item_meta[2]\" value=\"\"  data-reqmsg=\"Nom ne peut pas \u00eatre vide.\" aria-required=\"true\" data-invmsg=\"Nom est non valide\" aria-invalid=\"false\"  \/>\r\n\t\r\n\t\r\n<\/div>\n<div id=\"frm_field_1_container\" class=\"frm_form_field form-field  frm_required_field frm_top_container frm6\">\r\n\t<label for=\"field_qh4icy\" id=\"field_qh4icy_label\" class=\"frm_primary_label\">First Name\r\n\t\t<span class=\"frm_required\" aria-hidden=\"true\">*<\/span>\r\n\t<\/label>\r\n\t<input type=\"text\" id=\"field_qh4icy\" name=\"item_meta[1]\" value=\"\"  data-reqmsg=\"Pr\u00e9nom ne peut pas \u00eatre vide.\" aria-required=\"true\" data-invmsg=\"Pr\u00e9nom est non valide\" aria-invalid=\"false\"  \/>\r\n\t\r\n\t\r\n<\/div>\n<div id=\"frm_field_3_container\" class=\"frm_form_field form-field  frm_required_field frm_top_container frm_full\">\r\n\t<label for=\"field_29yf4d\" id=\"field_29yf4d_label\" class=\"frm_primary_label\">Email\r\n\t\t<span class=\"frm_required\" aria-hidden=\"true\">*<\/span>\r\n\t<\/label>\r\n\t<input type=\"email\" id=\"field_29yf4d\" name=\"item_meta[3]\" value=\"\"  data-reqmsg=\"Email ne peut pas \u00eatre vide.\" aria-required=\"true\" data-invmsg=\"Please enter a valid email address\" aria-invalid=\"false\"  \/>\r\n\t\r\n\t\r\n<\/div>\n<div id=\"frm_field_7_container\" class=\"frm_form_field form-field  frm_required_field frm_top_container frm_full\">\r\n\t<label for=\"field_9up94\" id=\"field_9up94_label\" class=\"frm_primary_label\">Phone Number\r\n\t\t<span class=\"frm_required\" aria-hidden=\"true\">*<\/span>\r\n\t<\/label>\r\n\t<input type=\"tel\" id=\"field_9up94\" name=\"item_meta[7]\" value=\"\"  data-reqmsg=\"T\u00e9l\u00e9phone ne peut pas \u00eatre vide.\" aria-required=\"true\" data-invmsg=\"T\u00e9l\u00e9phone est non valide\" aria-invalid=\"false\" pattern=\"((\\+\\d{1,3}(-|.| )?\\(?\\d\\)?(-| |.)?\\d{1,5})|(\\(?\\d{2,6}\\)?))(-|.| )?(\\d{3,4})(-|.| )?(\\d{4})(( x| ext)\\d{1,5}){0,1}$\"  \/>\r\n\t\r\n\t\r\n<\/div>\n<div id=\"frm_field_5_container\" class=\"frm_form_field form-field  frm_required_field frm_top_container frm_full\">\r\n\t<label for=\"field_9jv0r1\" id=\"field_9jv0r1_label\" class=\"frm_primary_label\">Message\r\n\t\t<span class=\"frm_required\" aria-hidden=\"true\">*<\/span>\r\n\t<\/label>\r\n\t<textarea name=\"item_meta[5]\" id=\"field_9jv0r1\" rows=\"5\"  data-reqmsg=\"Message ne peut pas \u00eatre vide.\" aria-required=\"true\" data-invmsg=\"Message is invalid\" aria-invalid=\"false\"  ><\/textarea>\r\n\t\r\n\t\r\n<\/div>\n<div id=\"frm_field_22_container\" class=\"frm_form_field form-field  frm_none_container\">\n\t<label for=\"g-recaptcha-response\" id=\"field_m2w9j_label\" class=\"frm_primary_label\">Captcha\n\t\t<span class=\"frm_required\" aria-hidden=\"true\"><\/span>\n\t<\/label>\n\t<div  id=\"field_m2w9j\" class=\"frm-g-recaptcha\" data-sitekey=\"6LcIc_srAAAAAOtOhhCYqH-TO5rcX6I5Z5iAPImo\" data-size=\"invisible\" data-theme=\"light\"><\/div>\n\t\n\t\n<\/div>\n<div id=\"frm_field_21_container\" class=\"frm_form_field form-field  frm_required_field frm_top_container\">\n\t<div  id=\"field_mmerl_label\" class=\"frm_primary_label\">RGPD\n\t\t<span class=\"frm_required\" aria-hidden=\"true\">*<\/span>\n\t<\/div>\n\t\n<div class=\"frm_checkbox\" role=\"group\" aria-labelledby=\"frm-gdpr-accept-21\">\n\t<label for=\"frm-gdpr-accept-21\">\n\t\t<input type=\"checkbox\" aria-required=\"true\" name=\"item_meta[21]\" id=\"frm-gdpr-accept-21\" value=\"1\" \n\t\t \t\t data-reqmsg=\"RGPD ne peut pas \u00eatre vide.\" data-invmsg=\"RGPD is invalid\" aria-invalid=\"false\"  \t\t\/>\n\t\tJe consens \u00e0 ce que ce site enregistre les informations que j\u2019ai soumises afin de pouvoir r\u00e9pondre \u00e0 ma demande.\t<\/label>\n<\/div>\n\n\t\n\t\n<\/div>\n<div id=\"frm_field_6_container\" class=\"frm_form_field form-field  btn btn-lg\">\r\n\t<div class=\"frm_submit frm_flex\">\r\n<button class=\"frm_button_submit\" type=\"submit\"  >Send<\/button>\r\n\r\n\r\n\r\n<\/div>\r\n<\/div>\n\t<input type=\"hidden\" name=\"item_key\" value=\"\" \/>\n\t\t\t<div id=\"frm_field_24_container\">\n\t\t\t<label for=\"field_r7bp7\" >\n\t\t\t\tIf you are human, leave this field blank.\t\t\t<\/label>\n\t\t\t<input  id=\"field_r7bp7\" type=\"text\" class=\"frm_form_field form-field frm_verify\" name=\"item_meta[24]\" value=\"\"  \/>\n\t\t<\/div>\n\t\t<input name=\"frm_state\" type=\"hidden\" value=\"+6lXwHnbU63w2SmRzOO2UuqtsP3jTbQ8gXQII8hQQfo=\" \/><\/div>\n<\/fieldset>\n<\/div>\n\n<input type=\"hidden\" name=\"trp-form-language\" value=\"en\"\/><\/form>\n<\/div>\n\t\t\t\t<\/div>\n\t\t\t\t<\/div>\n\t\t\t\t<\/div>\n\t\t<div class=\"elementor-element elementor-element-4a09131 e-con-full elementor-hidden-mobile e-flex e-con e-child\" data-id=\"4a09131\" data-element_type=\"container\" data-e-type=\"container\" data-settings=\"{&quot;background_background&quot;:&quot;classic&quot;}\">\n\t\t\t\t<\/div>\n\t\t\t\t<\/div>\n\t\t<div class=\"elementor-element elementor-element-bc7fb9f e-con-full e-flex e-con e-parent\" data-id=\"bc7fb9f\" data-element_type=\"container\" data-e-type=\"container\" data-settings=\"{&quot;background_background&quot;:&quot;gradient&quot;}\">\n\t\t\t\t<div class=\"elementor-element elementor-element-0f09c2b elementor-view-default elementor-widget elementor-widget-icon\" data-id=\"0f09c2b\" data-element_type=\"widget\" data-e-type=\"widget\" data-widget_type=\"icon.default\">\n\t\t\t\t<div class=\"elementor-widget-container\">\n\t\t\t\t\t\t\t<div class=\"elementor-icon-wrapper\">\n\t\t\t<a class=\"elementor-icon\" href=\"https:\/\/fr.linkedin.com\/company\/rsp-engineering\" target=\"_blank\">\n\t\t\t<svg xmlns=\"http:\/\/www.w3.org\/2000\/svg\" xmlns:xlink=\"http:\/\/www.w3.org\/1999\/xlink\" viewbox=\"0,0,256,256\" width=\"50px\" height=\"50px\" fill-rule=\"nonzero\"><g fill=\"#ffffff\" fill-rule=\"nonzero\" stroke=\"none\" stroke-width=\"1\" stroke-linecap=\"butt\" stroke-linejoin=\"miter\" stroke-miterlimit=\"10\" stroke-dasharray=\"\" stroke-dashoffset=\"0\" font-family=\"none\" font-weight=\"none\" font-size=\"none\" text-anchor=\"none\" style=\"mix-blend-mode: normal\"><g transform=\"scale(5.12,5.12)\"><path d=\"M25,2c-12.682,0 -23,10.317 -23,23c0,12.683 10.318,23 23,23c12.682,0 23,-10.317 23,-23c0,-12.683 -10.318,-23 -23,-23zM18,35h-4v-15h4zM16,17c-1.105,0 -2,-0.895 -2,-2c0,-1.105 0.895,-2 2,-2c1.105,0 2,0.895 2,2c0,1.105 -0.895,2 -2,2zM37,35h-4v-5v-2.5c0,-1.925 -1.575,-3.5 -3.5,-3.5c-1.925,0 -3.5,1.575 -3.5,3.5v7.5h-4v-15h4v1.816c1.168,-1.122 2.752,-1.816 4.5,-1.816c3.59,0 6.5,2.91 6.5,6.5z\"><\/path><\/g><\/g><\/svg>\t\t\t<\/a>\n\t\t<\/div>\n\t\t\t\t\t\t<\/div>\n\t\t\t\t<\/div>\n\t\t\t\t<div class=\"elementor-element elementor-element-e3f7b42 elementor-view-default elementor-widget elementor-widget-icon\" data-id=\"e3f7b42\" data-element_type=\"widget\" data-e-type=\"widget\" data-widget_type=\"icon.default\">\n\t\t\t\t<div class=\"elementor-widget-container\">\n\t\t\t\t\t\t\t<div class=\"elementor-icon-wrapper\">\n\t\t\t<a class=\"elementor-icon\" href=\"https:\/\/www.facebook.com\/p\/RSP-Engineering-61559262081969\/\" target=\"_blank\">\n\t\t\t<svg xmlns=\"http:\/\/www.w3.org\/2000\/svg\" xmlns:xlink=\"http:\/\/www.w3.org\/1999\/xlink\" viewbox=\"0,0,256,256\" width=\"50px\" height=\"50px\" fill-rule=\"nonzero\"><g fill=\"#ffffff\" fill-rule=\"nonzero\" stroke=\"none\" stroke-width=\"1\" stroke-linecap=\"butt\" stroke-linejoin=\"miter\" stroke-miterlimit=\"10\" stroke-dasharray=\"\" stroke-dashoffset=\"0\" font-family=\"none\" font-weight=\"none\" font-size=\"none\" text-anchor=\"none\" style=\"mix-blend-mode: normal\"><g transform=\"scale(5.12,5.12)\"><path d=\"M25,3c-12.15,0 -22,9.85 -22,22c0,11.03 8.125,20.137 18.712,21.728v-15.897h-5.443v-5.783h5.443v-3.848c0,-6.371 3.104,-9.168 8.399,-9.168c2.536,0 3.877,0.188 4.512,0.274v5.048h-3.612c-2.248,0 -3.033,2.131 -3.033,4.533v3.161h6.588l-0.894,5.783h-5.694v15.944c10.738,-1.457 19.022,-10.638 19.022,-21.775c0,-12.15 -9.85,-22 -22,-22z\"><\/path><\/g><\/g><\/svg>\t\t\t<\/a>\n\t\t<\/div>\n\t\t\t\t\t\t<\/div>\n\t\t\t\t<\/div>\n\t\t\t\t<div class=\"elementor-element elementor-element-abb6697 elementor-view-default elementor-widget elementor-widget-icon\" data-id=\"abb6697\" data-element_type=\"widget\" data-e-type=\"widget\" data-widget_type=\"icon.default\">\n\t\t\t\t<div class=\"elementor-widget-container\">\n\t\t\t\t\t\t\t<div class=\"elementor-icon-wrapper\">\n\t\t\t<a class=\"elementor-icon\" href=\"https:\/\/www.instagram.com\/rsp.engineering\/\" target=\"_blank\">\n\t\t\t<svg xmlns=\"http:\/\/www.w3.org\/2000\/svg\" xmlns:xlink=\"http:\/\/www.w3.org\/1999\/xlink\" viewbox=\"0,0,256,256\" width=\"30px\" height=\"30px\" fill-rule=\"nonzero\"><g fill=\"#ffffff\" fill-rule=\"nonzero\" stroke=\"none\" stroke-width=\"1\" stroke-linecap=\"butt\" stroke-linejoin=\"miter\" stroke-miterlimit=\"10\" stroke-dasharray=\"\" stroke-dashoffset=\"0\" font-family=\"none\" font-weight=\"none\" font-size=\"none\" text-anchor=\"none\" style=\"mix-blend-mode: normal\"><g transform=\"scale(8.53333,8.53333)\"><path d=\"M9.99805,3c-3.859,0 -6.99805,3.14195 -6.99805,7.00195v10c0,3.859 3.14195,6.99805 7.00195,6.99805h10c3.859,0 6.99805,-3.14195 6.99805,-7.00195v-10c0,-3.859 -3.14195,-6.99805 -7.00195,-6.99805zM22,7c0.552,0 1,0.448 1,1c0,0.552 -0.448,1 -1,1c-0.552,0 -1,-0.448 -1,-1c0,-0.552 0.448,-1 1,-1zM15,9c3.309,0 6,2.691 6,6c0,3.309 -2.691,6 -6,6c-3.309,0 -6,-2.691 -6,-6c0,-3.309 2.691,-6 6,-6zM15,11c-2.20914,0 -4,1.79086 -4,4c0,2.20914 1.79086,4 4,4c2.20914,0 4,-1.79086 4,-4c0,-2.20914 -1.79086,-4 -4,-4z\"><\/path><\/g><\/g><\/svg>\t\t\t<\/a>\n\t\t<\/div>\n\t\t\t\t\t\t<\/div>\n\t\t\t\t<\/div>\n\t\t\t\t<\/div>\n\t\t<div class=\"elementor-element elementor-element-eb03f56 e-con-full e-flex e-con e-parent\" data-id=\"eb03f56\" data-element_type=\"container\" data-e-type=\"container\">\n\t\t<div class=\"elementor-element elementor-element-a3cf1d0 e-con-full e-flex e-con e-child\" data-id=\"a3cf1d0\" data-element_type=\"container\" data-e-type=\"container\">\n\t\t\t\t<div class=\"elementor-element elementor-element-f7c64f3 elementor-widget elementor-widget-heading\" data-id=\"f7c64f3\" data-element_type=\"widget\" data-e-type=\"widget\" data-widget_type=\"heading.default\">\n\t\t\t\t<div class=\"elementor-widget-container\">\n\t\t\t\t\t<h2 class=\"elementor-heading-title elementor-size-default\">Localisation<\/h2>\t\t\t\t<\/div>\n\t\t\t\t<\/div>\n\t\t\t\t<div class=\"elementor-element elementor-element-96e25e0 elementor-widget elementor-widget-text-editor\" data-id=\"96e25e0\" data-element_type=\"widget\" data-e-type=\"widget\" data-widget_type=\"text-editor.default\">\n\t\t\t\t<div class=\"elementor-widget-container\">\n\t\t\t\t\t\t\t\t\t<p><strong>Nos locaux sont situ\u00e9s <\/strong>\u00c0 seulement 10<strong>\u00a0minutes du centre de Tours<\/strong> et de la <strong>gare SNCF Saint-Pierre-des-Corps<\/strong><br \/>\ud83d\udccd <em>41 Rue de la Milleti\u00e8re, 37100 Tours<\/em><\/p><p><strong>Travel Time<\/strong><\/p><ul><li>1h from Paris, Le Mans, Orl\u00e9ans, Angers<\/li><li>2h from Bordeaux, Nantes, Bourges<\/li><li>3h from Rennes<\/li><\/ul>\t\t\t\t\t\t\t\t<\/div>\n\t\t\t\t<\/div>\n\t\t\t\t<\/div>\n\t\t<div class=\"elementor-element elementor-element-5a0e162 e-con-full e-flex e-con e-child\" data-id=\"5a0e162\" data-element_type=\"container\" data-e-type=\"container\" data-settings=\"{&quot;background_background&quot;:&quot;classic&quot;}\">\n\t\t\t\t<div class=\"elementor-element elementor-element-121b42a elementor-widget elementor-widget-google_maps\" data-id=\"121b42a\" data-element_type=\"widget\" data-e-type=\"widget\" data-widget_type=\"google_maps.default\">\n\t\t\t\t<div class=\"elementor-widget-container\">\n\t\t\t\t\t\t\t<div class=\"elementor-custom-embed\">\n\t\t\t<iframe loading=\"lazy\"\n\t\t\t\t\tsrc=\"https:\/\/maps.google.com\/maps?q=rsp%20engineering&#038;t=m&#038;z=11&#038;output=embed&#038;iwloc=near\"\n\t\t\t\t\ttitle=\"rsp engineering\"\n\t\t\t\t\taria-label=\"rsp engineering\"\n\t\t\t><\/iframe>\n\t\t<\/div>\n\t\t\t\t\t\t<\/div>\n\t\t\t\t<\/div>\n\t\t\t\t<\/div>\n\t\t\t\t<\/div>\n\t\t\t\t<\/div>","protected":false},"excerpt":{"rendered":"<p>Nous contacter Vous \u00eates freelance et souhaitez nous accompagner ? Consulter nos offres disponibles ou partagez-nous votre profil. Espace Freelance Besoin d&rsquo;un renseignement ou d&rsquo;une information sur nos offres ? Contactez-nous au 0662680482 ou compl\u00e9tez le formulaire ci-dessous. Nous ferons notre maximum pour vous r\u00e9pondre dans les plus brefs d\u00e9lais.\u00a0 Contact Us Nom * Pr\u00e9nom [&hellip;]<\/p>","protected":false},"author":3,"featured_media":0,"parent":0,"menu_order":0,"comment_status":"closed","ping_status":"closed","template":"","meta":{"_seopress_robots_primary_cat":"","_seopress_titles_title":"","_seopress_titles_desc":"","_seopress_robots_index":"","footnotes":""},"class_list":["post-2476","page","type-page","status-publish","hentry"],"_links":{"self":[{"href":"https:\/\/rsp-engineering.com\/en\/wp-json\/wp\/v2\/pages\/2476","targetHints":{"allow":["GET"]}}],"collection":[{"href":"https:\/\/rsp-engineering.com\/en\/wp-json\/wp\/v2\/pages"}],"about":[{"href":"https:\/\/rsp-engineering.com\/en\/wp-json\/wp\/v2\/types\/page"}],"author":[{"embeddable":true,"href":"https:\/\/rsp-engineering.com\/en\/wp-json\/wp\/v2\/users\/3"}],"replies":[{"embeddable":true,"href":"https:\/\/rsp-engineering.com\/en\/wp-json\/wp\/v2\/comments?post=2476"}],"version-history":[{"count":68,"href":"https:\/\/rsp-engineering.com\/en\/wp-json\/wp\/v2\/pages\/2476\/revisions"}],"predecessor-version":[{"id":3467,"href":"https:\/\/rsp-engineering.com\/en\/wp-json\/wp\/v2\/pages\/2476\/revisions\/3467"}],"wp:attachment":[{"href":"https:\/\/rsp-engineering.com\/en\/wp-json\/wp\/v2\/media?parent=2476"}],"curies":[{"name":"wp","href":"https:\/\/api.w.org\/{rel}","templated":true}]}}